{"id":18,"date":"2026-02-27T09:31:13","date_gmt":"2026-02-27T09:31:13","guid":{"rendered":"https:\/\/linkkitdesign.es\/?page_id=18"},"modified":"2026-02-27T11:40:42","modified_gmt":"2026-02-27T11:40:42","slug":"servicios","status":"publish","type":"page","link":"https:\/\/linkkitdesign.es\/en\/servicios\/","title":{"rendered":"Services"},"content":{"rendered":"<div data-elementor-type=\"wp-page\" data-elementor-id=\"18\" class=\"elementor elementor-18\" data-elementor-post-type=\"page\">\n\t\t\t\t<div class=\"elementor-element elementor-element-4523d9a e-con-full e-flex e-con e-parent\" data-id=\"4523d9a\" data-element_type=\"container\" data-e-type=\"container\">\n\t\t\t\t<div class=\"elementor-element elementor-element-ed825c8 elementor-widget elementor-widget-html\" data-id=\"ed825c8\" data-element_type=\"widget\" data-e-type=\"widget\" data-widget_type=\"html.default\">\n\t\t\t\t\t<style>\r\n    @import url('https:\/\/fonts.googleapis.com\/css2?family=Montserrat:wght@500;700&family=Open+Sans:wght@400;600&display=swap');\r\n\r\n    .servicios-lk-section { padding: 100px 20px 30px 20px; background: #FFFFFF; font-family: 'Open Sans', sans-serif; }\r\n    .servicios-lk-header { text-align: center; margin-bottom: 30px; max-width: 700px; margin-left: auto; margin-right: auto;}\r\n    .servicios-lk-header span { color: #F26B6B; font-family: 'Montserrat', sans-serif; font-size: 14px; font-weight: 700; text-transform: uppercase; letter-spacing: 2px; display: block; margin-bottom: 10px; }\r\n    .servicios-lk-header h2 { font-family: 'Montserrat', sans-serif; color: #2C2E35; font-size: 42px; font-weight: 700; margin-bottom: 20px; }\r\n    .servicios-lk-header p { color: #666; font-size: 18px; line-height: 1.6; }\r\n<\/style>\r\n\r\n<div class=\"servicios-lk-section\">\r\n    <div class=\"servicios-lk-header\">\r\n        <span>Areas of specialization<\/span>\r\n        <h2>What do we design?<\/h2>\r\n        <p>Comprehensive design solutions focused on the children's sector, guaranteeing trends, safety and quality in each piece.<\/p>\r\n    <\/div>\r\n<\/div>\t\t\t\t<\/div>\n\t\t\t\t<\/div>\n\t\t<div class=\"elementor-element elementor-element-1f19739 e-grid e-con-boxed e-con e-parent\" data-id=\"1f19739\" data-element_type=\"container\" data-e-type=\"container\">\n\t\t\t\t\t<div class=\"e-con-inner\">\n\t\t\t\t<div class=\"elementor-element elementor-element-9ccb3e9 elementor-view-default elementor-position-block-start elementor-mobile-position-block-start elementor-widget elementor-widget-icon-box\" data-id=\"9ccb3e9\" data-element_type=\"widget\" data-e-type=\"widget\" data-widget_type=\"icon-box.default\">\n\t\t\t\t\t\t\t<div class=\"elementor-icon-box-wrapper\">\n\n\t\t\t\t\t\t<div class=\"elementor-icon-box-icon\">\n\t\t\t\t<span  class=\"elementor-icon\">\n\t\t\t\t<svg aria-hidden=\"true\" class=\"e-font-icon-svg e-fas-child\" viewbox=\"0 0 384 512\" xmlns=\"http:\/\/www.w3.org\/2000\/svg\"><path d=\"M120 72c0-39.765 32.235-72 72-72s72 32.235 72 72c0 39.764-32.235 72-72 72s-72-32.236-72-72zm254.627 1.373c-12.496-12.497-32.758-12.497-45.254 0L242.745 160H141.254L54.627 73.373c-12.496-12.497-32.758-12.497-45.254 0-12.497 12.497-12.497 32.758 0 45.255L104 213.254V480c0 17.673 14.327 32 32 32h16c17.673 0 32-14.327 32-32V368h16v112c0 17.673 14.327 32 32 32h16c17.673 0 32-14.327 32-32V213.254l94.627-94.627c12.497-12.497 12.497-32.757 0-45.254z\"><\/path><\/svg>\t\t\t\t<\/span>\n\t\t\t<\/div>\n\t\t\t\n\t\t\t\t\t\t<div class=\"elementor-icon-box-content\">\n\n\t\t\t\t\t\t\t\t\t<h3 class=\"elementor-icon-box-title\">\n\t\t\t\t\t\t<span  >\n\t\t\t\t\t\t\tChildren's Textile Fashion\t\t\t\t\t\t<\/span>\n\t\t\t\t\t<\/h3>\n\t\t\t\t\n\t\t\t\t\t\t\t\t\t<p class=\"elementor-icon-box-description\">\n\t\t\t\t\t\tDesign of clothing collections for babies, children and juniors. We cover the entire creative process: from inspiration, selection of skin-friendly fabrics, to the pattern and technical sheet.\t\t\t\t\t<\/p>\n\t\t\t\t\n\t\t\t<\/div>\n\t\t\t\n\t\t<\/div>\n\t\t\t\t\t\t<\/div>\n\t\t\t\t<div class=\"elementor-element elementor-element-1fa13aa elementor-view-default elementor-position-block-start elementor-mobile-position-block-start elementor-widget elementor-widget-icon-box\" data-id=\"1fa13aa\" data-element_type=\"widget\" data-e-type=\"widget\" data-widget_type=\"icon-box.default\">\n\t\t\t\t\t\t\t<div class=\"elementor-icon-box-wrapper\">\n\n\t\t\t\t\t\t<div class=\"elementor-icon-box-icon\">\n\t\t\t\t<span  class=\"elementor-icon\">\n\t\t\t\t<svg aria-hidden=\"true\" class=\"e-font-icon-svg e-fas-socks\" viewbox=\"0 0 512 512\" xmlns=\"http:\/\/www.w3.org\/2000\/svg\"><path d=\"M214.66 311.01L288 256V96H128v176l-86.65 64.61c-39.4 29.56-53.86 84.42-29.21 127.06C30.39 495.25 63.27 512 96.08 512c20.03 0 40.25-6.25 57.52-19.2l21.86-16.39c-29.85-55.38-13.54-125.84 39.2-165.4zM288 32c0-11.05 3.07-21.3 8.02-30.38C293.4.92 290.85 0 288 0H160c-17.67 0-32 14.33-32 32v32h160V32zM480 0H352c-17.67 0-32 14.33-32 32v32h192V32c0-17.67-14.33-32-32-32zM320 272l-86.13 64.61c-39.4 29.56-53.86 84.42-29.21 127.06 18.25 31.58 50.61 48.33 83.42 48.33 20.03 0 40.25-6.25 57.52-19.2l115.2-86.4A127.997 127.997 0 0 0 512 304V96H320v176z\"><\/path><\/svg>\t\t\t\t<\/span>\n\t\t\t<\/div>\n\t\t\t\n\t\t\t\t\t\t<div class=\"elementor-icon-box-content\">\n\n\t\t\t\t\t\t\t\t\t<h3 class=\"elementor-icon-box-title\">\n\t\t\t\t\t\t<span  >\n\t\t\t\t\t\t\tChildren's footwear\t\t\t\t\t\t<\/span>\n\t\t\t\t\t<\/h3>\n\t\t\t\t\n\t\t\t\t\t\t\t\t\t<p class=\"elementor-icon-box-description\">\n\t\t\t\t\t\tTechnical and aesthetic development of footwear for the first steps and later stages. We design shoes that combine the latest trends with the ergonomics necessary for the development of the foot.\t\t\t\t\t<\/p>\n\t\t\t\t\n\t\t\t<\/div>\n\t\t\t\n\t\t<\/div>\n\t\t\t\t\t\t<\/div>\n\t\t\t\t<div class=\"elementor-element elementor-element-6155587 elementor-view-default elementor-position-block-start elementor-mobile-position-block-start elementor-widget elementor-widget-icon-box\" data-id=\"6155587\" data-element_type=\"widget\" data-e-type=\"widget\" data-widget_type=\"icon-box.default\">\n\t\t\t\t\t\t\t<div class=\"elementor-icon-box-wrapper\">\n\n\t\t\t\t\t\t<div class=\"elementor-icon-box-icon\">\n\t\t\t\t<span  class=\"elementor-icon\">\n\t\t\t\t<svg aria-hidden=\"true\" class=\"e-font-icon-svg e-fas-shapes\" viewbox=\"0 0 512 512\" xmlns=\"http:\/\/www.w3.org\/2000\/svg\"><path d=\"M128,256A128,128,0,1,0,256,384,128,128,0,0,0,128,256Zm379-54.86L400.07,18.29a37.26,37.26,0,0,0-64.14,0L229,201.14C214.76,225.52,232.58,256,261.09,256H474.91C503.42,256,521.24,225.52,507,201.14ZM480,288H320a32,32,0,0,0-32,32V480a32,32,0,0,0,32,32H480a32,32,0,0,0,32-32V320A32,32,0,0,0,480,288Z\"><\/path><\/svg>\t\t\t\t<\/span>\n\t\t\t<\/div>\n\t\t\t\n\t\t\t\t\t\t<div class=\"elementor-icon-box-content\">\n\n\t\t\t\t\t\t\t\t\t<h3 class=\"elementor-icon-box-title\">\n\t\t\t\t\t\t<span  >\n\t\t\t\t\t\t\tChildcare\t\t\t\t\t\t<\/span>\n\t\t\t\t\t<\/h3>\n\t\t\t\t\n\t\t\t\t\t\t\t\t\t<p class=\"elementor-icon-box-description\">\n\t\t\t\t\t\tCreation of children's accessories and baby care items. From maternity bags and backpacks, to cot textiles and functional accessories for everyday family life.\t\t\t\t\t<\/p>\n\t\t\t\t\n\t\t\t<\/div>\n\t\t\t\n\t\t<\/div>\n\t\t\t\t\t\t<\/div>\n\t\t\t\t\t<\/div>\n\t\t\t\t<\/div>\n\t\t<div class=\"elementor-element elementor-element-00a645b e-con-full e-flex e-con e-parent\" data-id=\"00a645b\" data-element_type=\"container\" data-e-type=\"container\">\n\t\t\t\t<div class=\"elementor-element elementor-element-28d6d43 elementor-widget elementor-widget-html\" data-id=\"28d6d43\" data-element_type=\"widget\" data-e-type=\"widget\" data-widget_type=\"html.default\">\n\t\t\t\t\t<style>\r\n    .lk-cierre-wrapper { background: #FFFFFF; padding-bottom: 100px; }\r\n    .lk-cierre { background-color: #2C2E35; padding: 70px 20px; text-align: center; border-radius: 6px; max-width: 1200px; margin: 0 auto; }\r\n    .lk-cierre h3 { font-family: 'Montserrat', sans-serif; font-size: 32px; color: #FFFFFF; margin-bottom: 15px; font-weight: 700; }\r\n    .lk-cierre p { font-family: 'Open Sans', sans-serif; font-size: 18px; color: #b0b0b0; margin-bottom: 35px; }\r\n    .lk-cierre a { background-color: #F26B6B; color: white !important; padding: 16px 35px; text-decoration: none; font-family: 'Montserrat', sans-serif; font-weight: 700; border-radius: 3px; font-size: 14px; text-transform: uppercase; letter-spacing: 1px; transition: 0.3s; display: inline-block;}\r\n    .lk-cierre a:hover { background-color: #FFFFFF; color: #2C2E35 !important; }\r\n\r\n    @media (max-width: 768px) {\r\n        .lk-cierre { border-radius: 0; padding: 50px 20px; }\r\n    }\r\n<\/style>\r\n\r\n<div class=\"lk-cierre-wrapper\">\r\n    <div class=\"lk-cierre\">\r\n        <h3>Do you have a project in mind?<\/h3>\r\n        <p>Let's talk about how we can shape your idea and take it to the next level.<\/p>\r\n        <a href=\"https:\/\/linkkitdesign.es\/en\/contacto\/\">Request Information<\/a>\r\n    <\/div>\r\n<\/div>\t\t\t\t<\/div>\n\t\t\t\t<\/div>\n\t\t\t\t<\/div>","protected":false},"excerpt":{"rendered":"<p>\u00c1reas de especializaci\u00f3n \u00bfQu\u00e9 dise\u00f1amos? Soluciones integrales de dise\u00f1o enfocadas al sector infantil, garantizando tendencia, seguridad y calidad en cada [&hellip;]<\/p>\n","protected":false},"author":1,"featured_media":0,"parent":0,"menu_order":0,"comment_status":"closed","ping_status":"closed","template":"elementor_header_footer","meta":{"site-sidebar-layout":"no-sidebar","site-content-layout":"","ast-site-content-layout":"full-width-container","site-content-style":"default","site-sidebar-style":"default","ast-global-header-display":"","ast-banner-title-visibility":"","ast-main-header-display":"","ast-hfb-above-header-display":"","ast-hfb-below-header-display":"","ast-hfb-mobile-header-display":"","site-post-title":"disabled","ast-breadcrumbs-content":"","ast-featured-img":"disabled","footer-sml-layout":"","ast-disable-related-posts":"","theme-transparent-header-meta":"","adv-header-id-meta":"","stick-header-meta":"","header-above-stick-meta":"","header-main-stick-meta":"","header-below-stick-meta":"","astra-migrate-meta-layouts":"default","ast-page-background-enabled":"default","ast-page-background-meta":{"desktop":{"background-color":"var(--ast-global-color-5)","background-image":"","background-repeat":"repeat","background-position":"center center","background-size":"auto","background-attachment":"scroll","background-type":"","background-media":"","overlay-type":"","overlay-color":"","overlay-opacity":"","overlay-gradient":""},"tablet":{"background-color":"","background-image":"","background-repeat":"repeat","background-position":"center center","background-size":"auto","background-attachment":"scroll","background-type":"","background-media":"","overlay-type":"","overlay-color":"","overlay-opacity":"","overlay-gradient":""},"mobile":{"background-color":"","background-image":"","background-repeat":"repeat","background-position":"center center","background-size":"auto","background-attachment":"scroll","background-type":"","background-media":"","overlay-type":"","overlay-color":"","overlay-opacity":"","overlay-gradient":""}},"ast-content-background-meta":{"desktop":{"background-color":"var(--ast-global-color-4)","background-image":"","background-repeat":"repeat","background-position":"center center","background-size":"auto","background-attachment":"scroll","background-type":"","background-media":"","overlay-type":"","overlay-color":"","overlay-opacity":"","overlay-gradient":""},"tablet":{"background-color":"var(--ast-global-color-4)","background-image":"","background-repeat":"repeat","background-position":"center center","background-size":"auto","background-attachment":"scroll","background-type":"","background-media":"","overlay-type":"","overlay-color":"","overlay-opacity":"","overlay-gradient":""},"mobile":{"background-color":"var(--ast-global-color-4)","background-image":"","background-repeat":"repeat","background-position":"center center","background-size":"auto","background-attachment":"scroll","background-type":"","background-media":"","overlay-type":"","overlay-color":"","overlay-opacity":"","overlay-gradient":""}},"footnotes":""},"class_list":["post-18","page","type-page","status-publish","hentry"],"_links":{"self":[{"href":"https:\/\/linkkitdesign.es\/en\/wp-json\/wp\/v2\/pages\/18","targetHints":{"allow":["GET"]}}],"collection":[{"href":"https:\/\/linkkitdesign.es\/en\/wp-json\/wp\/v2\/pages"}],"about":[{"href":"https:\/\/linkkitdesign.es\/en\/wp-json\/wp\/v2\/types\/page"}],"author":[{"embeddable":true,"href":"https:\/\/linkkitdesign.es\/en\/wp-json\/wp\/v2\/users\/1"}],"replies":[{"embeddable":true,"href":"https:\/\/linkkitdesign.es\/en\/wp-json\/wp\/v2\/comments?post=18"}],"version-history":[{"count":13,"href":"https:\/\/linkkitdesign.es\/en\/wp-json\/wp\/v2\/pages\/18\/revisions"}],"predecessor-version":[{"id":104,"href":"https:\/\/linkkitdesign.es\/en\/wp-json\/wp\/v2\/pages\/18\/revisions\/104"}],"wp:attachment":[{"href":"https:\/\/linkkitdesign.es\/en\/wp-json\/wp\/v2\/media?parent=18"}],"curies":[{"name":"wp","href":"https:\/\/api.w.org\/{rel}","templated":true}]}}